{"id":401,"date":"2021-11-06T14:16:42","date_gmt":"2021-11-06T13:16:42","guid":{"rendered":"http:\/\/suszarki-valera.pl\/?post_type=product&#038;p=401"},"modified":"2021-11-06T22:49:51","modified_gmt":"2021-11-06T21:49:51","slug":"premium-1200-push","status":"publish","type":"product","link":"http:\/\/www.suszarki-valera.pl\/index.php\/produkt\/premium-1200-push\/","title":{"rendered":"Premium 1200 Push"},"content":{"rendered":"","protected":false},"excerpt":{"rendered":"<h5>Mod. 533.03<\/h5>\n<table width=\"231\">\n<tbody>\n<tr>\n<td colspan=\"2\" width=\"231\">2-stopniowa regulacja nawiewu<\/td>\n<\/tr>\n<tr>\n<td colspan=\"2\" width=\"231\">3-stopniowa regulacja temperatury<\/td>\n<\/tr>\n<tr>\n<td colspan=\"2\" width=\"231\">Wy\u0142\u0105cznik naciskowy<\/td>\n<\/tr>\n<tr>\n<td colspan=\"2\" width=\"231\">Dyfuzor w zestawie<\/td>\n<\/tr>\n<tr>\n<td colspan=\"2\" width=\"231\">Mo\u017cliwo\u015b\u0107 zimnego nawiewu<\/td>\n<\/tr>\n<tr>\n<td colspan=\"2\" width=\"231\">Przew\u00f3d spiralny z wtyczk\u0105<\/td>\n<\/tr>\n<\/tbody>\n<\/table>\n","protected":false},"featured_media":399,"template":"","meta":[],"product_brand":[],"product_cat":[22,77,87],"product_tag":[],"class_list":{"0":"post-401","1":"product","2":"type-product","3":"status-publish","4":"has-post-thumbnail","6":"product_cat-suszarki-hotelowe","7":"product_cat-suszarki-tradycyjne","8":"product_cat-premium-suszarki-tradycyjne","10":"first","11":"instock","12":"shipping-taxable","13":"product-type-simple"},"_links":{"self":[{"href":"http:\/\/www.suszarki-valera.pl\/index.php\/wp-json\/wp\/v2\/product\/401","targetHints":{"allow":["GET"]}}],"collection":[{"href":"http:\/\/www.suszarki-valera.pl\/index.php\/wp-json\/wp\/v2\/product"}],"about":[{"href":"http:\/\/www.suszarki-valera.pl\/index.php\/wp-json\/wp\/v2\/types\/product"}],"wp:featuredmedia":[{"embeddable":true,"href":"http:\/\/www.suszarki-valera.pl\/index.php\/wp-json\/wp\/v2\/media\/399"}],"wp:attachment":[{"href":"http:\/\/www.suszarki-valera.pl\/index.php\/wp-json\/wp\/v2\/media?parent=401"}],"wp:term":[{"taxonomy":"product_brand","embeddable":true,"href":"http:\/\/www.suszarki-valera.pl\/index.php\/wp-json\/wp\/v2\/product_brand?post=401"},{"taxonomy":"product_cat","embeddable":true,"href":"http:\/\/www.suszarki-valera.pl\/index.php\/wp-json\/wp\/v2\/product_cat?post=401"},{"taxonomy":"product_tag","embeddable":true,"href":"http:\/\/www.suszarki-valera.pl\/index.php\/wp-json\/wp\/v2\/product_tag?post=401"}],"curies":[{"name":"wp","href":"https:\/\/api.w.org\/{rel}","templated":true}]}}