{"id":467,"date":"2021-11-10T11:26:48","date_gmt":"2021-11-10T10:26:48","guid":{"rendered":"http:\/\/suszarki-valera.pl\/?post_type=product&#038;p=467"},"modified":"2021-11-10T11:28:31","modified_gmt":"2021-11-10T10:28:31","slug":"action-1800-push-white","status":"publish","type":"product","link":"http:\/\/www.suszarki-valera.pl\/index.php\/produkt\/action-1800-push-white\/","title":{"rendered":"Action 1800 Push white"},"content":{"rendered":"","protected":false},"excerpt":{"rendered":"<h5>Mod. 542.14 white<\/h5>\n<table width=\"231\">\n<tbody>\n<tr>\n<td colspan=\"2\" width=\"231\">2-stopniowa regulacja nawiewu<\/td>\n<\/tr>\n<tr>\n<td colspan=\"2\" width=\"231\">3-stopniowa regulacja temperatury<\/td>\n<\/tr>\n<tr>\n<td colspan=\"2\" width=\"231\">Wy\u0142\u0105cznik naciskowy<\/td>\n<\/tr>\n<tr>\n<td colspan=\"2\" width=\"231\">Dyfuzor w zestawie<\/td>\n<\/tr>\n<tr>\n<td colspan=\"2\" width=\"231\">Mo\u017cliwo\u015b\u0107 zimnego nawiewu<\/td>\n<\/tr>\n<tr>\n<td colspan=\"2\" width=\"231\">Przew\u00f3d spiralny z wtyczk\u0105<\/td>\n<\/tr>\n<\/tbody>\n<\/table>\n","protected":false},"featured_media":468,"template":"","meta":[],"product_brand":[],"product_cat":[22,77,90],"product_tag":[],"class_list":{"0":"post-467","1":"product","2":"type-product","3":"status-publish","4":"has-post-thumbnail","6":"product_cat-suszarki-hotelowe","7":"product_cat-suszarki-tradycyjne","8":"product_cat-action","10":"first","11":"instock","12":"shipping-taxable","13":"product-type-simple"},"_links":{"self":[{"href":"http:\/\/www.suszarki-valera.pl\/index.php\/wp-json\/wp\/v2\/product\/467","targetHints":{"allow":["GET"]}}],"collection":[{"href":"http:\/\/www.suszarki-valera.pl\/index.php\/wp-json\/wp\/v2\/product"}],"about":[{"href":"http:\/\/www.suszarki-valera.pl\/index.php\/wp-json\/wp\/v2\/types\/product"}],"wp:featuredmedia":[{"embeddable":true,"href":"http:\/\/www.suszarki-valera.pl\/index.php\/wp-json\/wp\/v2\/media\/468"}],"wp:attachment":[{"href":"http:\/\/www.suszarki-valera.pl\/index.php\/wp-json\/wp\/v2\/media?parent=467"}],"wp:term":[{"taxonomy":"product_brand","embeddable":true,"href":"http:\/\/www.suszarki-valera.pl\/index.php\/wp-json\/wp\/v2\/product_brand?post=467"},{"taxonomy":"product_cat","embeddable":true,"href":"http:\/\/www.suszarki-valera.pl\/index.php\/wp-json\/wp\/v2\/product_cat?post=467"},{"taxonomy":"product_tag","embeddable":true,"href":"http:\/\/www.suszarki-valera.pl\/index.php\/wp-json\/wp\/v2\/product_tag?post=467"}],"curies":[{"name":"wp","href":"https:\/\/api.w.org\/{rel}","templated":true}]}}